{"id":327,"date":"2017-07-28T12:43:30","date_gmt":"2017-07-28T10:43:30","guid":{"rendered":"http:\/\/h2846875.stratoserver.net\/foodblog\/?page_id=327"},"modified":"2019-05-05T18:54:22","modified_gmt":"2019-05-05T16:54:22","slug":"impressum-und-datenschutzbestimmung","status":"publish","type":"page","link":"https:\/\/domoprojekt.de\/foodblog\/impressum-und-datenschutzbestimmung\/","title":{"rendered":"Impressum und Datenschutzbestimmung"},"content":{"rendered":"<div class=\"impressum\">\n<h1>Impressum<\/h1>\n<p>Angaben gem\u00e4\u00df \u00a7 5 TMG<\/p>\n<p>Dominik Wieland<br \/>\nMagdeburgerstra\u00dfe 2<br \/>\n78467 Konstanz<\/p>\n<p><strong>Vertreten durch:\u00a0<\/strong><br \/>\nDominik Wieland<\/p>\n<p><strong>Kontakt:<\/strong><br \/>\nE-Mail: domoprojekt at posteo.de<\/p>\n<p><strong>Verantwortlich f\u00fcr den Inhalt nach \u00a7 55 Abs. 2 RStV:<\/strong><br \/>\nDominik Wieland<br \/>\nMagdeburgerstra\u00dfe 2<br \/>\n78467 Konstanz<\/p>\n<p><strong>Haftungsausschluss:\u00a0<\/strong><\/p>\n<p><strong>Haftung f\u00fcr Inhalte<\/strong><\/p>\n<p>Die Inhalte unserer Seiten wurden mit gr\u00f6\u00dfter Sorgfalt erstellt. F\u00fcr die Richtigkeit, Vollst\u00e4ndigkeit und Aktualit\u00e4t der Inhalte k\u00f6nnen wir jedoch keine Gew\u00e4hr \u00fcbernehmen. Als Diensteanbieter sind wir gem\u00e4\u00df \u00a7 7 Abs.1 TMG f\u00fcr eigene Inhalte auf diesen Seiten nach den allgemeinen Gesetzen verantwortlich. Nach \u00a7\u00a7 8 bis 10 TMG sind wir als Diensteanbieter jedoch nicht verpflichtet, \u00fcbermittelte oder gespeicherte fremde Informationen zu \u00fcberwachen oder nach Umst\u00e4nden zu forschen, die auf eine rechtswidrige T\u00e4tigkeit hinweisen. Verpflichtungen zur Entfernung oder Sperrung der Nutzung von Informationen nach den allgemeinen Gesetzen bleiben hiervon unber\u00fchrt. Eine diesbez\u00fcgliche Haftung ist jedoch erst ab dem Zeitpunkt der Kenntnis einer konkreten Rechtsverletzung m\u00f6glich. Bei Bekanntwerden von entsprechenden Rechtsverletzungen werden wir diese Inhalte umgehend entfernen.<\/p>\n<p><strong>Haftung f\u00fcr Links<\/strong><\/p>\n<p>Unser Angebot enth\u00e4lt Links zu externen Webseiten Dritter, auf deren Inhalte wir keinen Einfluss haben. Deshalb k\u00f6nnen wir f\u00fcr diese fremden Inhalte auch keine Gew\u00e4hr \u00fcbernehmen. F\u00fcr die Inhalte der verlinkten Seiten ist stets der jeweilige Anbieter oder Betreiber der Seiten verantwortlich. Die verlinkten Seiten wurden zum Zeitpunkt der Verlinkung auf m\u00f6gliche Rechtsverst\u00f6\u00dfe \u00fcberpr\u00fcft. Rechtswidrige Inhalte waren zum Zeitpunkt der Verlinkung nicht erkennbar. Eine permanente inhaltliche Kontrolle der verlinkten Seiten ist jedoch ohne konkrete Anhaltspunkte einer Rechtsverletzung nicht zumutbar. Bei Bekanntwerden von Rechtsverletzungen werden wir derartige Links umgehend entfernen.<\/p>\n<div id=\"link\">Impressum vom\u00a0<a href=\"http:\/\/www.impressum-generator.de\/\">Impressum Generator<\/a>\u00a0der\u00a0<a href=\"https:\/\/www.kanzlei-hasselbach.de\/standorte\/bonn\/\">Kanzlei Hasselbach, Bonn<\/a><\/div>\n<\/div>\n","protected":false},"excerpt":{"rendered":"<p>Impressum Angaben gem\u00e4\u00df \u00a7 5 TMG Dominik Wieland Magdeburgerstra\u00dfe 2 78467 Konstanz Vertreten durch:\u00a0 Dominik Wieland Kontakt: E-Mail: domoprojekt at posteo.de Verantwortlich f\u00fcr den Inhalt nach \u00a7 55 Abs. 2 RStV: Dominik Wieland Magdeburgerstra\u00dfe 2 78467 Konstanz Haftungsausschluss:\u00a0 Haftung f\u00fcr Inhalte Die Inhalte unserer Seiten wurden mit gr\u00f6\u00dfter Sorgfalt erstellt. F\u00fcr die Richtigkeit, Vollst\u00e4ndigkeit und &#8230; <a title=\"Impressum und Datenschutzbestimmung\" class=\"read-more\" href=\"https:\/\/domoprojekt.de\/foodblog\/impressum-und-datenschutzbestimmung\/\" aria-label=\"Mehr Informationen \u00fcber Impressum und Datenschutzbestimmung\">Weiterlesen<\/a><\/p>\n","protected":false},"author":1,"featured_media":0,"parent":0,"menu_order":0,"comment_status":"closed","ping_status":"closed","template":"","meta":{"inline_featured_image":false,"footnotes":""},"class_list":["post-327","page","type-page","status-publish"],"_links":{"self":[{"href":"https:\/\/domoprojekt.de\/foodblog\/wp-json\/wp\/v2\/pages\/327","targetHints":{"allow":["GET"]}}],"collection":[{"href":"https:\/\/domoprojekt.de\/foodblog\/wp-json\/wp\/v2\/pages"}],"about":[{"href":"https:\/\/domoprojekt.de\/foodblog\/wp-json\/wp\/v2\/types\/page"}],"author":[{"embeddable":true,"href":"https:\/\/domoprojekt.de\/foodblog\/wp-json\/wp\/v2\/users\/1"}],"replies":[{"embeddable":true,"href":"https:\/\/domoprojekt.de\/foodblog\/wp-json\/wp\/v2\/comments?post=327"}],"version-history":[{"count":6,"href":"https:\/\/domoprojekt.de\/foodblog\/wp-json\/wp\/v2\/pages\/327\/revisions"}],"predecessor-version":[{"id":645,"href":"https:\/\/domoprojekt.de\/foodblog\/wp-json\/wp\/v2\/pages\/327\/revisions\/645"}],"wp:attachment":[{"href":"https:\/\/domoprojekt.de\/foodblog\/wp-json\/wp\/v2\/media?parent=327"}],"curies":[{"name":"wp","href":"https:\/\/api.w.org\/{rel}","templated":true}]}}